{"id":666,"date":"2024-06-06T20:50:38","date_gmt":"2024-06-06T18:50:38","guid":{"rendered":"https:\/\/docadtempus.net\/?page_id=666"},"modified":"2024-07-01T23:37:56","modified_gmt":"2024-07-01T21:37:56","slug":"cookies","status":"publish","type":"page","link":"https:\/\/docadtempus.net\/fr\/cookies\/","title":{"rendered":"Cookies"},"content":{"rendered":"<!--themify_builder_content-->\n<div id=\"themify_builder_content-666\" data-postid=\"666\" class=\"themify_builder_content themify_builder_content-666 themify_builder tf_clear\">\n                    <div  data-lazy=\"1\" class=\"module_row themify_builder_row tb_4rac442 tb_first tf_w\">\n                        <div class=\"row_inner col_align_top tb_col_count_1 tf_box tf_rel\">\n                        <div  data-lazy=\"1\" class=\"module_column tb-column col-full tb_aifj442 first\">\n                    <!-- module text -->\n<div  class=\"module module-text tb_x9uv675   \" data-lazy=\"1\">\n        <div  class=\"tb_text_wrap\">\n        <p>Politique de Cookies<\/p>\n<p>Cette politique de cookies a \u00e9t\u00e9 mise \u00e0 jour pour la derni\u00e8re fois le 21 mai 2024 et s&rsquo;applique aux citoyens et r\u00e9sidents permanents de l&rsquo;Espace \u00e9conomique europ\u00e9en et de la Suisse.<\/p>\n<p>1. Introduction<\/p>\n<p>Notre site web, https:\/\/www.docadtempus.com\/ (ci-apr\u00e8s d\u00e9nomm\u00e9 \u00ab\u00a0le Site Web\u00a0\u00bb), utilise des cookies et des technologies similaires (par souci de simplicit\u00e9, toutes ces technologies sont d\u00e9sign\u00e9es sous le terme \u00ab\u00a0cookies\u00a0\u00bb). Des cookies sont \u00e9galement plac\u00e9s par des tiers que nous engageons. Dans le document ci-dessous, nous vous informons de l&rsquo;utilisation des cookies sur notre site web.<\/p>\n<p>2. Qu&rsquo;est-ce qu&rsquo;un cookie ?<\/p>\n<p>Un cookie est un petit fichier simple qui est envoy\u00e9 avec les pages d&rsquo;une adresse internet et peut \u00eatre stock\u00e9 par le navigateur web sur le PC ou un autre appareil. Les informations qui y sont stock\u00e9es peuvent \u00eatre renvoy\u00e9es \u00e0 nos serveurs ou aux serveurs de tiers pertinents lors de visites ult\u00e9rieures.<\/p>\n<p>3. Qu&rsquo;est-ce qu&rsquo;un script ?<\/p>\n<p>Un script est un morceau de code de programme utilis\u00e9 pour faire fonctionner notre site web correctement et de mani\u00e8re interactive. Ce code est ex\u00e9cut\u00e9 sur nos serveurs ou sur votre appareil.<\/p>\n<p>4. Qu&rsquo;est-ce qu&rsquo;un web beacon ?<\/p>\n<p>Un web beacon (\u00e9galement appel\u00e9 pixel tag) est un petit fragment de texte ou une image invisible sur un site web qui est utilis\u00e9 pour surveiller le trafic sur le site web. Pour ce faire, diverses donn\u00e9es vous concernant sont stock\u00e9es \u00e0 l&rsquo;aide de web beacons.<\/p>\n<p>5. Cookies<\/p>\n<p>&nbsp;5.1 Cookies techniques ou fonctionnels<\/p>\n<p>Certains cookies assurent le bon fonctionnement de certaines parties de notre site web et permettent de conna\u00eetre vos pr\u00e9f\u00e9rences d&rsquo;utilisateur. En pla\u00e7ant des cookies fonctionnels, nous vous facilitons la visite de notre site web. De cette mani\u00e8re, vous n&rsquo;avez pas besoin de saisir \u00e0 plusieurs reprises les m\u00eames informations lorsque vous visitez notre site web et, par exemple, vos articles restent dans votre panier jusqu&rsquo;\u00e0 ce que vous ayez pay\u00e9. Nous pouvons placer ces cookies sans votre consentement.<\/p>\n<p>5.2 Cookies de marketing \/ de suivi<\/p>\n<p>Les cookies de marketing \/ de suivi sont des cookies ou toute autre forme de stockage local utilis\u00e9s pour cr\u00e9er des profils d&rsquo;utilisateurs afin d&rsquo;afficher des publicit\u00e9s ou de suivre l&rsquo;utilisateur sur ce site web ou sur plusieurs sites web \u00e0 des fins de marketing similaires.<\/p>\n<p>&nbsp;6. Cookies plac\u00e9s<\/p>\n<p>**WordPress**<\/p>\n<p>Fonctionnel<\/p>\n<p>**LiteSpeed**<\/p>\n<p>Fonctionnel<\/p>\n<p>**Complianz**<\/p>\n<p>Fonctionnel<\/p>\n<p>**Autres**<\/p>\n<p>Sous investigation<\/p>\n<p>7. Consentement<\/p>\n<p>Lorsque vous visitez notre site web pour la premi\u00e8re fois, nous vous montrons une fen\u00eatre pop-up avec une explication sur les cookies. Une fois que vous cliquez sur \u00ab\u00a0Enregistrer les param\u00e8tres\u00a0\u00bb, vous nous donnez votre consentement pour utiliser toutes les cat\u00e9gories de cookies et de plugins que vous avez s\u00e9lectionn\u00e9es, comme d\u00e9crit dans cette politique de cookies. Vous pouvez d\u00e9sactiver l&rsquo;utilisation des cookies via votre navigateur, mais veuillez noter que notre site web peut ne plus fonctionner correctement.<\/p>\n<p>7.1 G\u00e9rez vos param\u00e8tres de consentement<\/p>\n<p>Vous avez charg\u00e9 la politique de cookies sans support JavaScript. Sous AMP, vous pouvez utiliser le bouton de gestion du consentement en bas de la page.<\/p>\n<p>8. Activation\/D\u00e9sactivation et suppression des cookies<\/p>\n<p>Vous pouvez utiliser votre navigateur internet pour supprimer automatiquement ou manuellement les cookies. Vous pouvez \u00e9galement sp\u00e9cifier que certains cookies ne doivent pas \u00eatre plac\u00e9s. Une autre option consiste \u00e0 configurer votre navigateur internet de mani\u00e8re \u00e0 ce que vous soyez averti chaque fois qu&rsquo;un cookie est plac\u00e9. Pour plus d&rsquo;informations sur ces options, reportez-vous aux instructions dans la section d&rsquo;aide de votre navigateur.<\/p>\n<p>Veuillez noter que notre site web peut ne pas fonctionner correctement si tous les cookies sont d\u00e9sactiv\u00e9s. Si vous supprimez les cookies dans votre navigateur, ils seront replac\u00e9s lorsque vous visiterez \u00e0 nouveau notre site web.<\/p>\n<p>9. Vos droits concernant les donn\u00e9es personnelles<\/p>\n<p>Vous avez les droits suivants concernant vos donn\u00e9es personnelles :<\/p>\n<p>&#8211; Vous avez le droit de savoir pourquoi vos donn\u00e9es personnelles sont n\u00e9cessaires, ce qu&rsquo;il en advient et combien de temps elles seront conserv\u00e9es.<br>&#8211; Droit d&rsquo;acc\u00e8s : Vous avez le droit d&rsquo;acc\u00e9der \u00e0 vos donn\u00e9es personnelles que nous connaissons.<br>&#8211; Droit de rectification : Vous avez le droit de compl\u00e9ter, corriger, supprimer ou bloquer vos donn\u00e9es personnelles quand vous le souhaitez.<br>&#8211; Si vous nous avez donn\u00e9 votre consentement pour traiter vos donn\u00e9es, vous avez le droit de r\u00e9voquer ce consentement et de faire supprimer vos donn\u00e9es personnelles.<br>&#8211; Droit de transf\u00e9rer vos donn\u00e9es : Vous avez le droit de demander toutes vos donn\u00e9es personnelles \u00e0 un contr\u00f4leur et de les transf\u00e9rer dans leur int\u00e9gralit\u00e9 \u00e0 un autre contr\u00f4leur.<br>&#8211; Droit d&rsquo;opposition : Vous pouvez vous opposer au traitement de vos donn\u00e9es. Nous nous conformons \u00e0 cela, sauf s&rsquo;il existe des motifs l\u00e9gitimes pour le traitement.<\/p>\n<p>Pour exercer ces droits, veuillez nous contacter. Veuillez vous r\u00e9f\u00e9rer aux coordonn\u00e9es \u00e0 la fin de cette politique de cookies. Si vous avez une plainte concernant la fa\u00e7on dont nous traitons vos donn\u00e9es, nous aimerions l&rsquo;entendre, mais vous avez \u00e9galement le droit de d\u00e9poser une plainte aupr\u00e8s de l&rsquo;autorit\u00e9 de surveillance (Autorit\u00e9 de protection des donn\u00e9es).<\/p>\n<p>10. Coordonn\u00e9es<\/p>\n<p>Pour toute question et\/ou commentaire concernant notre politique de cookies et cette d\u00e9claration, veuillez nous contacter en utilisant les coordonn\u00e9es suivantes :<\/p>\n<p>Anita Klemm <br>5 Rue Joseph D\u2019Arbaud <br>06130 Grasse <br>France <br>Site web : <a href=\"https:\/\/www.docadtempus.com\/\">https:\/\/www.docadtempus.com\/<\/a> <br>E-mail : contact@docadtempus.net <br>Num\u00e9ro de t\u00e9l\u00e9phone : +33 493 70 08 94<\/p>\n<p>Cette politique de cookies a \u00e9t\u00e9 synchronis\u00e9e avec cookiedatabase.org le 6 juin 2024.<\/p>\n    <\/div>\n<\/div>\n<!-- \/module text -->        <\/div>\n                        <\/div>\n        <\/div>\n        <\/div>\n<!--\/themify_builder_content-->","protected":false},"excerpt":{"rendered":"<p>Politique de Cookies Cette politique de cookies a \u00e9t\u00e9 mise \u00e0 jour pour la derni\u00e8re fois le 21 mai 2024 et s&rsquo;applique aux citoyens et r\u00e9sidents permanents de l&rsquo;Espace \u00e9conomique europ\u00e9en et de la Suisse. 1. Introduction Notre site web, https:\/\/www.docadtempus.com\/ (ci-apr\u00e8s d\u00e9nomm\u00e9 \u00ab\u00a0le Site Web\u00a0\u00bb), utilise des cookies et des technologies similaires (par souci [&hellip;]<\/p>\n","protected":false},"author":1,"featured_media":0,"parent":0,"menu_order":0,"comment_status":"closed","ping_status":"closed","template":"","meta":{"footnotes":""},"class_list":["post-666","page","type-page","status-publish","hentry","has-post-title","has-post-date","has-post-category","has-post-tag","has-post-comment","has-post-author",""],"builder_content":"<p>Politique de Cookies<\/p> <p>Cette politique de cookies a \u00e9t\u00e9 mise \u00e0 jour pour la derni\u00e8re fois le 21 mai 2024 et s'applique aux citoyens et r\u00e9sidents permanents de l'Espace \u00e9conomique europ\u00e9en et de la Suisse.<\/p> <p>1. Introduction<\/p> <p>Notre site web, https:\/\/www.docadtempus.com\/ (ci-apr\u00e8s d\u00e9nomm\u00e9 \"le Site Web\"), utilise des cookies et des technologies similaires (par souci de simplicit\u00e9, toutes ces technologies sont d\u00e9sign\u00e9es sous le terme \"cookies\"). Des cookies sont \u00e9galement plac\u00e9s par des tiers que nous engageons. Dans le document ci-dessous, nous vous informons de l'utilisation des cookies sur notre site web.<\/p> <p>2. Qu'est-ce qu'un cookie ?<\/p> <p>Un cookie est un petit fichier simple qui est envoy\u00e9 avec les pages d'une adresse internet et peut \u00eatre stock\u00e9 par le navigateur web sur le PC ou un autre appareil. Les informations qui y sont stock\u00e9es peuvent \u00eatre renvoy\u00e9es \u00e0 nos serveurs ou aux serveurs de tiers pertinents lors de visites ult\u00e9rieures.<\/p> <p>3. Qu'est-ce qu'un script ?<\/p> <p>Un script est un morceau de code de programme utilis\u00e9 pour faire fonctionner notre site web correctement et de mani\u00e8re interactive. Ce code est ex\u00e9cut\u00e9 sur nos serveurs ou sur votre appareil.<\/p> <p>4. Qu'est-ce qu'un web beacon ?<\/p> <p>Un web beacon (\u00e9galement appel\u00e9 pixel tag) est un petit fragment de texte ou une image invisible sur un site web qui est utilis\u00e9 pour surveiller le trafic sur le site web. Pour ce faire, diverses donn\u00e9es vous concernant sont stock\u00e9es \u00e0 l'aide de web beacons.<\/p> <p>5. Cookies<\/p> <p>&nbsp;5.1 Cookies techniques ou fonctionnels<\/p> <p>Certains cookies assurent le bon fonctionnement de certaines parties de notre site web et permettent de conna\u00eetre vos pr\u00e9f\u00e9rences d'utilisateur. En pla\u00e7ant des cookies fonctionnels, nous vous facilitons la visite de notre site web. De cette mani\u00e8re, vous n'avez pas besoin de saisir \u00e0 plusieurs reprises les m\u00eames informations lorsque vous visitez notre site web et, par exemple, vos articles restent dans votre panier jusqu'\u00e0 ce que vous ayez pay\u00e9. Nous pouvons placer ces cookies sans votre consentement.<\/p> <p>5.2 Cookies de marketing \/ de suivi<\/p> <p>Les cookies de marketing \/ de suivi sont des cookies ou toute autre forme de stockage local utilis\u00e9s pour cr\u00e9er des profils d'utilisateurs afin d'afficher des publicit\u00e9s ou de suivre l'utilisateur sur ce site web ou sur plusieurs sites web \u00e0 des fins de marketing similaires.<\/p> <p>&nbsp;6. Cookies plac\u00e9s<\/p> <p>**WordPress**<\/p> <p>Fonctionnel<\/p> <p>**LiteSpeed**<\/p> <p>Fonctionnel<\/p> <p>**Complianz**<\/p> <p>Fonctionnel<\/p> <p>**Autres**<\/p> <p>Sous investigation<\/p> <p>7. Consentement<\/p> <p>Lorsque vous visitez notre site web pour la premi\u00e8re fois, nous vous montrons une fen\u00eatre pop-up avec une explication sur les cookies. Une fois que vous cliquez sur \"Enregistrer les param\u00e8tres\", vous nous donnez votre consentement pour utiliser toutes les cat\u00e9gories de cookies et de plugins que vous avez s\u00e9lectionn\u00e9es, comme d\u00e9crit dans cette politique de cookies. Vous pouvez d\u00e9sactiver l'utilisation des cookies via votre navigateur, mais veuillez noter que notre site web peut ne plus fonctionner correctement.<\/p> <p>7.1 G\u00e9rez vos param\u00e8tres de consentement<\/p> <p>Vous avez charg\u00e9 la politique de cookies sans support JavaScript. Sous AMP, vous pouvez utiliser le bouton de gestion du consentement en bas de la page.<\/p> <p>8. Activation\/D\u00e9sactivation et suppression des cookies<\/p> <p>Vous pouvez utiliser votre navigateur internet pour supprimer automatiquement ou manuellement les cookies. Vous pouvez \u00e9galement sp\u00e9cifier que certains cookies ne doivent pas \u00eatre plac\u00e9s. Une autre option consiste \u00e0 configurer votre navigateur internet de mani\u00e8re \u00e0 ce que vous soyez averti chaque fois qu'un cookie est plac\u00e9. Pour plus d'informations sur ces options, reportez-vous aux instructions dans la section d'aide de votre navigateur.<\/p> <p>Veuillez noter que notre site web peut ne pas fonctionner correctement si tous les cookies sont d\u00e9sactiv\u00e9s. Si vous supprimez les cookies dans votre navigateur, ils seront replac\u00e9s lorsque vous visiterez \u00e0 nouveau notre site web.<\/p> <p>9. Vos droits concernant les donn\u00e9es personnelles<\/p> <p>Vous avez les droits suivants concernant vos donn\u00e9es personnelles :<\/p> <p>- Vous avez le droit de savoir pourquoi vos donn\u00e9es personnelles sont n\u00e9cessaires, ce qu'il en advient et combien de temps elles seront conserv\u00e9es.<br>- Droit d'acc\u00e8s : Vous avez le droit d'acc\u00e9der \u00e0 vos donn\u00e9es personnelles que nous connaissons.<br>- Droit de rectification : Vous avez le droit de compl\u00e9ter, corriger, supprimer ou bloquer vos donn\u00e9es personnelles quand vous le souhaitez.<br>- Si vous nous avez donn\u00e9 votre consentement pour traiter vos donn\u00e9es, vous avez le droit de r\u00e9voquer ce consentement et de faire supprimer vos donn\u00e9es personnelles.<br>- Droit de transf\u00e9rer vos donn\u00e9es : Vous avez le droit de demander toutes vos donn\u00e9es personnelles \u00e0 un contr\u00f4leur et de les transf\u00e9rer dans leur int\u00e9gralit\u00e9 \u00e0 un autre contr\u00f4leur.<br>- Droit d'opposition : Vous pouvez vous opposer au traitement de vos donn\u00e9es. Nous nous conformons \u00e0 cela, sauf s'il existe des motifs l\u00e9gitimes pour le traitement.<\/p> <p>Pour exercer ces droits, veuillez nous contacter. Veuillez vous r\u00e9f\u00e9rer aux coordonn\u00e9es \u00e0 la fin de cette politique de cookies. Si vous avez une plainte concernant la fa\u00e7on dont nous traitons vos donn\u00e9es, nous aimerions l'entendre, mais vous avez \u00e9galement le droit de d\u00e9poser une plainte aupr\u00e8s de l'autorit\u00e9 de surveillance (Autorit\u00e9 de protection des donn\u00e9es).<\/p> <p>10. Coordonn\u00e9es<\/p> <p>Pour toute question et\/ou commentaire concernant notre politique de cookies et cette d\u00e9claration, veuillez nous contacter en utilisant les coordonn\u00e9es suivantes :<\/p> <p>Anita Klemm <br>5 Rue Joseph D\u2019Arbaud <br>06130 Grasse <br>France <br>Site web : <a href=\"https:\/\/www.docadtempus.com\/\">https:\/\/www.docadtempus.com\/<\/a> <br>E-mail : contact@docadtempus.net <br>Num\u00e9ro de t\u00e9l\u00e9phone : +33 493 70 08 94<\/p> <p>Cette politique de cookies a \u00e9t\u00e9 synchronis\u00e9e avec cookiedatabase.org le 6 juin 2024.<\/p>","_links":{"self":[{"href":"https:\/\/docadtempus.net\/fr\/wp-json\/wp\/v2\/pages\/666","targetHints":{"allow":["GET"]}}],"collection":[{"href":"https:\/\/docadtempus.net\/fr\/wp-json\/wp\/v2\/pages"}],"about":[{"href":"https:\/\/docadtempus.net\/fr\/wp-json\/wp\/v2\/types\/page"}],"author":[{"embeddable":true,"href":"https:\/\/docadtempus.net\/fr\/wp-json\/wp\/v2\/users\/1"}],"replies":[{"embeddable":true,"href":"https:\/\/docadtempus.net\/fr\/wp-json\/wp\/v2\/comments?post=666"}],"version-history":[{"count":8,"href":"https:\/\/docadtempus.net\/fr\/wp-json\/wp\/v2\/pages\/666\/revisions"}],"predecessor-version":[{"id":707,"href":"https:\/\/docadtempus.net\/fr\/wp-json\/wp\/v2\/pages\/666\/revisions\/707"}],"wp:attachment":[{"href":"https:\/\/docadtempus.net\/fr\/wp-json\/wp\/v2\/media?parent=666"}],"curies":[{"name":"wp","href":"https:\/\/api.w.org\/{rel}","templated":true}]}}