{"id":615,"date":"2020-03-12T12:55:35","date_gmt":"2020-03-12T11:55:35","guid":{"rendered":"https:\/\/docadtempus.net\/?page_id=615"},"modified":"2024-07-19T23:48:03","modified_gmt":"2024-07-19T21:48:03","slug":"home","status":"publish","type":"page","link":"https:\/\/docadtempus.net\/fr\/","title":{"rendered":"Home"},"content":{"rendered":"<!--themify_builder_content-->\n<div id=\"themify_builder_content-615\" data-postid=\"615\" class=\"themify_builder_content themify_builder_content-615 themify_builder tf_clear\">\n                    <div  data-parallax-bg=\"desktop\" data-lazy=\"1\" class=\"module_row themify_builder_row tb_zvgn471 tb_first tf_w\">\n            <span class=\"builder_row_cover tf_abs\"><\/span><span class=\"tb_row_frame_wrap tf_overflow tf_abs\" data-lazy=\"1\"><span class=\"tb_row_frame tb_row_frame_bottom  tf_abs tf_hide tf_overflow tf_w\"><\/span><\/span>            <div class=\"row_inner col_align_top tb_col_count_1 tf_box tf_rel\">\n                        <div  data-lazy=\"1\" class=\"module_column tb-column col-full tb_nwp7472 first\">\n                    <!-- module text -->\n<div  class=\"module module-text tb_0nya724   \" data-lazy=\"1\">\n        <div  class=\"tb_text_wrap\">\n        <h6>DOC AD TEMPUS<\/h6>\n<h1>L&rsquo;agence de recrutement de m\u00e9decins<\/h1>\n<p style=\"text-align: left;\">pour les cliniques, les h\u00f4pitaux, les centres de soins m\u00e9dicaux et les cabinets m\u00e9dicaux<\/p>    <\/div>\n<\/div>\n<!-- \/module text -->        <div  data-lazy=\"1\" class=\"module_subrow themify_builder_sub_row tf_w col_align_top tb_col_count_3 tb_vcwm532\">\n                <div  data-lazy=\"1\" class=\"module_column sub_column col3-1 tb_kd73532 first\">\n                    <!-- module buttons -->\n<div  class=\"module module-buttons tb_tk35779 buttons-horizontal solid   rounded buttons-fullwidth\" data-lazy=\"1\">\n        <div class=\"module-buttons-item tf_in_flx\">\n                        <a href=\"https:\/\/docadtempus.net\/aerzte\/\" class=\"ui builder_button tf_in_flx transparent\" >\n                                                Pour les m\u00e9decins                                         <\/a>\n                <\/div>\n            <\/div>\n<!-- \/module buttons -->\n        <\/div>\n                    <div  data-lazy=\"1\" class=\"module_column sub_column col3-1 tb_fhh1532\">\n                    <!-- module buttons -->\n<div  class=\"module module-buttons tb_4s97162 buttons-horizontal solid   squared buttons-fullwidth\" data-lazy=\"1\">\n        <div class=\"module-buttons-item tf_in_flx\">\n                        <a href=\"https:\/\/docadtempus.net\/med-einrichtungen\/\" class=\"ui builder_button tf_in_flx gray\" >\n                                                Pour l'\u00e9tablissement m\u00e9dical                                        <\/a>\n                <\/div>\n            <\/div>\n<!-- \/module buttons -->\n        <\/div>\n                    <div  data-lazy=\"1\" class=\"module_column sub_column col3-1 tb_ostn494 last\">\n                            <\/div>\n                    <\/div>\n                <\/div>\n                        <\/div>\n        <\/div>\n                        <div  data-css_id=\"xn35642\" data-lazy=\"1\" class=\"module_row themify_builder_row fullwidth_row_container tb_xn35642 tf_w\">\n                        <div class=\"row_inner col_align_top tb_col_count_1 tf_box tf_rel\">\n                        <div  data-lazy=\"1\" class=\"module_column tb-column col-full tb_7lrg645 first\">\n                    <!-- module text -->\n<div  class=\"module module-text tb_ehqo167   \" data-lazy=\"1\">\n        <div  class=\"tb_text_wrap\">\n        <h2>Bienvenue sur<\/h2>    <\/div>\n<\/div>\n<!-- \/module text -->        <div  data-lazy=\"1\" class=\"module_subrow themify_builder_sub_row tf_w col_align_top tb_col_count_2 tb_hyxq586\">\n                <div  data-lazy=\"1\" class=\"module_column sub_column col3-2 tb_l20r592 first\">\n                    <!-- module text -->\n<div  class=\"module module-text tb_2g08621    hide-tablet hide-mobile\" data-lazy=\"1\">\n        <div  class=\"tb_text_wrap\">\n        <h3>Plus de 20 ans d&rsquo;exp\u00e9rience dans le placement et le conseil en personnel, garantissent une collaboration s\u00e9rieuse et comp\u00e9tente.<\/h3>    <\/div>\n<\/div>\n<!-- \/module text --><!-- module text -->\n<div  class=\"module module-text tb_h6xk282    hide-desktop hide-tablet_landscape\" data-lazy=\"1\">\n        <div  class=\"tb_text_wrap\">\n        <p>Plus de 20 ans d&rsquo;exp\u00e9rience dans le placement et le conseil en personnel, garantissent une collaboration s\u00e9rieuse et comp\u00e9tente.<\/p>    <\/div>\n<\/div>\n<!-- \/module text -->        <\/div>\n                    <div  data-lazy=\"1\" class=\"module_column sub_column col3-1 tb_17r1594 last\">\n                            <\/div>\n                    <\/div>\n                <div  data-lazy=\"1\" class=\"module_subrow themify_builder_sub_row tf_w col_align_top tb_col_count_2 tb_9rdl343\">\n                <div  data-lazy=\"1\" class=\"module_column sub_column col4-2 tb_nlz1344 first\">\n                    <!-- module text -->\n<div  class=\"module module-text tb_q9o2934   \" data-lazy=\"1\">\n        <div  class=\"tb_text_wrap\">\n        <p>Nous mettons en relation, dans toute l&rsquo;Allemagne et \u00e0 l&rsquo;\u00e9tranger, des cliniques, des h\u00f4pitaux, des centres m\u00e9dicaux et des cabinets m\u00e9dicaux avec des m\u00e9decins de toutes les sp\u00e9cialit\u00e9s (y compris des m\u00e9decins assistants) qui recherchent un emploi fixe &#8211; \u00e0 dur\u00e9e d\u00e9termin\u00e9e ou ind\u00e9termin\u00e9e et \u00e9galement pour des remplacements de courte dur\u00e9e.<\/p>\n<p>Nous proposons un accompagnement individuel pour les m\u00e9decins et les \u00e9tablissements m\u00e9dicaux, enti\u00e8rement adapt\u00e9 \u00e0 vos souhaits et \u00e0 vos besoins.<\/p>    <\/div>\n<\/div>\n<!-- \/module text -->        <\/div>\n                    <div  data-lazy=\"1\" class=\"module_column sub_column col4-2 tb_8tm8116 last\">\n                    <!-- module text -->\n<div  class=\"module module-text tb_sdaq118   \" data-lazy=\"1\">\n        <div  class=\"tb_text_wrap\">\n        <p>Si vous \u00eates m\u00e9decin, contactez-nous par e-mail \u00e0 notre adresse de contact :<\/p>\n<p><a href=\"mailto:contact@docadtempus.net\"><strong> contact@docadtempus.net<\/strong><\/a><br \/>(Veuillez joindre les documents si possible uniquement sous forme de fichier PDF).<\/p>    <\/div>\n<\/div>\n<!-- \/module text --><!-- module text -->\n<div  class=\"module module-text tb_p68v893   \" data-lazy=\"1\">\n        <div  class=\"tb_text_wrap\">\n        <p>Les \u00e9tablissements m\u00e9dicaux sont pri\u00e9s de nous contacter par t\u00e9l\u00e9phone ou par e-mail.<\/p>    <\/div>\n<\/div>\n<!-- \/module text -->        <\/div>\n                    <\/div>\n                <\/div>\n                        <\/div>\n        <\/div>\n                        <div  data-lazy=\"1\" class=\"module_row themify_builder_row tb_7nhs721 tf_w\">\n                        <div class=\"row_inner col_align_top tb_col_count_1 tf_box tf_rel\">\n                        <div  data-lazy=\"1\" class=\"module_column tb-column col-full tb_ye9x723 first\">\n                            <div  data-lazy=\"1\" class=\"module_subrow themify_builder_sub_row tf_w col_align_middle tb_col_count_2 tb_r9x4159\">\n                <div  data-lazy=\"1\" class=\"module_column sub_column col4-2 tb_dxes159 first\">\n                    <!-- module text -->\n<div  class=\"module module-text tb_2mtb682   \" data-lazy=\"1\">\n        <div  class=\"tb_text_wrap\">\n        <p><strong>Nous trouvons les bons candidats pour les \u00e9tablissements m\u00e9dicaux, au bon endroit et au bon moment.<\/strong><\/p>\n<p>Nous sommes fiers de collaborer avec un grand nombre d&rsquo;\u00e9tablissements m\u00e9dicaux et de professionnels et de leur offrir la meilleure solution possible. Notre objectif est un placement sur mesure qui r\u00e9pond \u00e0 vos exigences et \u00e0 vos attentes.<\/p>    <\/div>\n<\/div>\n<!-- \/module text -->        <\/div>\n                    <div  data-lazy=\"1\" class=\"module_column sub_column col4-2 tb_4gwz160 last\">\n                    <!-- module image -->\n<div  class=\"module module-image tb_btzc660 image-top   tf_mw\" data-lazy=\"1\">\n        <div class=\"image-wrap tf_rel tf_mw\">\n            <a href=\"https:\/\/docadtempus.net\/aerzte\/\">\n                   <img decoding=\"async\" src=\"https:\/\/docadtempus.net\/wp-content\/uploads\/2024\/05\/Arzt-Logo2.png\" width=\"110\" class=\"wp-post-image wp-image-493\" title=\"M\u00e9decin\" alt=\"M\u00e9decin\">        <\/a>\n    \n        <\/div>\n    <!-- \/image-wrap -->\n    \n        <div class=\"image-content\">\n                    <h3 class=\"image-title\">\n                                    <a href=\"https:\/\/docadtempus.net\/aerzte\/\">\n                        M\u00e9decin                    <\/a>\n                            <\/h3>\n                    <\/div>\n    <!-- \/image-content -->\n        <\/div>\n<!-- \/module image --><!-- module image -->\n<div  class=\"module module-image tb_4ly4149 image-top   tf_mw\" data-lazy=\"1\">\n        <div class=\"image-wrap tf_rel tf_mw\">\n            <a href=\"https:\/\/docadtempus.net\/med-einrichtungen\/\">\n                   <img decoding=\"async\" src=\"https:\/\/docadtempus.net\/wp-content\/uploads\/2024\/05\/Hospital-Logo.png\" width=\"110\" class=\"wp-post-image wp-image-491\" title=\"\u00c9tablissement m\u00e9dical\" alt=\"\u00c9tablissement m\u00e9dical\">        <\/a>\n    \n        <\/div>\n    <!-- \/image-wrap -->\n    \n        <div class=\"image-content\">\n                    <h3 class=\"image-title\">\n                                    <a href=\"https:\/\/docadtempus.net\/med-einrichtungen\/\">\n                        \u00c9tablissement m\u00e9dical                    <\/a>\n                            <\/h3>\n                    <\/div>\n    <!-- \/image-content -->\n        <\/div>\n<!-- \/module image -->        <\/div>\n                    <\/div>\n        <!-- module text -->\n<div  class=\"module module-text tb_l051657    hide-tablet hide-mobile\" data-lazy=\"1\">\n        <div  class=\"tb_text_wrap\">\n        <h2>Qui \u00eates-vous ?<\/h2>    <\/div>\n<\/div>\n<!-- \/module text -->        <\/div>\n                        <\/div>\n        <\/div>\n        <\/div>\n<!--\/themify_builder_content-->","protected":false},"excerpt":{"rendered":"<p>DOC AD TEMPUS L&rsquo;agence de recrutement de m\u00e9decins pour les cliniques, les h\u00f4pitaux, les centres de soins m\u00e9dicaux et les cabinets m\u00e9dicaux<\/p>\n","protected":false},"author":1,"featured_media":0,"parent":0,"menu_order":0,"comment_status":"closed","ping_status":"closed","template":"","meta":{"footnotes":""},"class_list":["post-615","page","type-page","status-publish","hentry","has-post-title","has-post-date","has-post-category","has-post-tag","has-post-comment","has-post-author",""],"builder_content":"<h6>DOC AD TEMPUS<\/h6> <h1>L'agence de recrutement de m\u00e9decins<\/h1> <p style=\"text-align: left;\">pour les cliniques, les h\u00f4pitaux, les centres de soins m\u00e9dicaux et les cabinets m\u00e9dicaux<\/p>\n<a href=\"https:\/\/docadtempus.net\/aerzte\/\" > Pour les m\u00e9decins <\/a>\n<a href=\"https:\/\/docadtempus.net\/med-einrichtungen\/\" > Pour l'\u00e9tablissement m\u00e9dical <\/a>\n<h2>Bienvenue sur<\/h2>\n<h3>Plus de 20 ans d'exp\u00e9rience dans le placement et le conseil en personnel, garantissent une collaboration s\u00e9rieuse et comp\u00e9tente.<\/h3>\n<p>Plus de 20 ans d'exp\u00e9rience dans le placement et le conseil en personnel, garantissent une collaboration s\u00e9rieuse et comp\u00e9tente.<\/p>\n<p>Nous mettons en relation, dans toute l'Allemagne et \u00e0 l'\u00e9tranger, des cliniques, des h\u00f4pitaux, des centres m\u00e9dicaux et des cabinets m\u00e9dicaux avec des m\u00e9decins de toutes les sp\u00e9cialit\u00e9s (y compris des m\u00e9decins assistants) qui recherchent un emploi fixe - \u00e0 dur\u00e9e d\u00e9termin\u00e9e ou ind\u00e9termin\u00e9e et \u00e9galement pour des remplacements de courte dur\u00e9e.<\/p> <p>Nous proposons un accompagnement individuel pour les m\u00e9decins et les \u00e9tablissements m\u00e9dicaux, enti\u00e8rement adapt\u00e9 \u00e0 vos souhaits et \u00e0 vos besoins.<\/p>\n<p>Si vous \u00eates m\u00e9decin, contactez-nous par e-mail \u00e0 notre adresse de contact :<\/p> <p><a href=\"mailto:contact@docadtempus.net\"><strong> contact@docadtempus.net<\/strong><\/a><br \/>(Veuillez joindre les documents si possible uniquement sous forme de fichier PDF).<\/p>\n<p>Les \u00e9tablissements m\u00e9dicaux sont pri\u00e9s de nous contacter par t\u00e9l\u00e9phone ou par e-mail.<\/p>\n<p><strong>Nous trouvons les bons candidats pour les \u00e9tablissements m\u00e9dicaux, au bon endroit et au bon moment.<\/strong><\/p> <p>Nous sommes fiers de collaborer avec un grand nombre d'\u00e9tablissements m\u00e9dicaux et de professionnels et de leur offrir la meilleure solution possible. Notre objectif est un placement sur mesure qui r\u00e9pond \u00e0 vos exigences et \u00e0 vos attentes.<\/p>\n<a href=\"https:\/\/docadtempus.net\/aerzte\/\"> <img src=\"https:\/\/docadtempus.net\/wp-content\/uploads\/2024\/05\/Arzt-Logo2.png\" width=\"110\" title=\"M\u00e9decin\" alt=\"M\u00e9decin\"> <\/a> <h3> <a href=\"https:\/\/docadtempus.net\/aerzte\/\"> M\u00e9decin <\/a> <\/h3>\n<a href=\"https:\/\/docadtempus.net\/med-einrichtungen\/\"> <img src=\"https:\/\/docadtempus.net\/wp-content\/uploads\/2024\/05\/Hospital-Logo.png\" width=\"110\" title=\"\u00c9tablissement m\u00e9dical\" alt=\"\u00c9tablissement m\u00e9dical\"> <\/a> <h3> <a href=\"https:\/\/docadtempus.net\/med-einrichtungen\/\"> \u00c9tablissement m\u00e9dical <\/a> <\/h3>\n<h2>Qui \u00eates-vous ?<\/h2>","_links":{"self":[{"href":"https:\/\/docadtempus.net\/fr\/wp-json\/wp\/v2\/pages\/615","targetHints":{"allow":["GET"]}}],"collection":[{"href":"https:\/\/docadtempus.net\/fr\/wp-json\/wp\/v2\/pages"}],"about":[{"href":"https:\/\/docadtempus.net\/fr\/wp-json\/wp\/v2\/types\/page"}],"author":[{"embeddable":true,"href":"https:\/\/docadtempus.net\/fr\/wp-json\/wp\/v2\/users\/1"}],"replies":[{"embeddable":true,"href":"https:\/\/docadtempus.net\/fr\/wp-json\/wp\/v2\/comments?post=615"}],"version-history":[{"count":11,"href":"https:\/\/docadtempus.net\/fr\/wp-json\/wp\/v2\/pages\/615\/revisions"}],"predecessor-version":[{"id":721,"href":"https:\/\/docadtempus.net\/fr\/wp-json\/wp\/v2\/pages\/615\/revisions\/721"}],"wp:attachment":[{"href":"https:\/\/docadtempus.net\/fr\/wp-json\/wp\/v2\/media?parent=615"}],"curies":[{"name":"wp","href":"https:\/\/api.w.org\/{rel}","templated":true}]}}