{"id":635,"date":"2024-05-14T23:12:20","date_gmt":"2024-05-14T21:12:20","guid":{"rendered":"https:\/\/docadtempus.net\/?page_id=635"},"modified":"2024-07-24T20:51:58","modified_gmt":"2024-07-24T18:51:58","slug":"imprint","status":"publish","type":"page","link":"https:\/\/docadtempus.net\/en\/imprint\/","title":{"rendered":"Imprint"},"content":{"rendered":"<!--themify_builder_content-->\n<div id=\"themify_builder_content-635\" data-postid=\"635\" class=\"themify_builder_content themify_builder_content-635 themify_builder tf_clear\">\n                    <div  data-lazy=\"1\" class=\"module_row themify_builder_row tb_j367348 tb_first tf_w\">\n                        <div class=\"row_inner col_align_top tb_col_count_1 tf_box tf_rel\">\n                        <div  data-lazy=\"1\" class=\"module_column tb-column col-full tb_x1vb348 first\">\n                    <!-- module text -->\n<div  class=\"module module-text tb_43y056   \" data-lazy=\"1\">\n        <div  class=\"tb_text_wrap\">\n        <p><strong>Mentions L\u00e9gales<\/strong><\/p>\n<p><b>En vertu de l\u00b4article 6 de la loi no. 2004-575 du 21 Juin 2004.<\/b><\/p>\n<p><b>Propri\u00e9taire\u00a0: Doc ad tempus<\/b><br>5 Rue Joseph D&#8217;Arbaud<br>06130 Grasse<br>France<\/p>\n<p><b>Responsable de publication :\u00a0<\/b>Anita Klemm<\/p>\n<p><b>Contact:<\/b><br>T\u00e9l: +33 493 70 08 94<br>E-Mail:\u00a0contact[at]docadtempus.net<\/p>\n<p><b>Siret:<\/b><br>791 815 418 00011<\/p>\n<p><b>Capital Social:<\/b>\u00a05.000 Euro<\/p>\n<p><b>Hoster:<\/b><br>Hostinger<br>https:\/\/www.hostinger.de\/<\/p>\n<p><strong>Webdesign:<br><\/strong>Clemens Zocher<br><a href=\"http:\/\/www.klappeaction.de\">www.klappeaction.de<\/a><\/p>\n<p><b>Propri\u00e9t\u00e9 intellectuelle et contrefa\u00e7ons:<\/b><br>Doc ad tempus est propri\u00e9taire des droits de propri\u00e9t\u00e9 intellectuelle ou d\u00e9tient les droits d\u2019usage sur tous les \u00e9l\u00e9ments accessibles sur le site, notamment les textes, images, graphismes, logo,<br>ic\u00f4nes, sons, logiciels.<br>Toute reproduction, repr\u00e9sentation, modification, publication, adaptation de tout ou partie des \u00e9l\u00e9ments du site, quel que soit le moyen ou le proc\u00e9d\u00e9 utilis\u00e9, est interdite, sauf autorisation \u00e9crite pr\u00e9alable de : Anita Klemm.<br>Toute exploitation non autoris\u00e9e du site ou de l\u2019un quelconque des \u00e9l\u00e9ments qu\u2019il contient sera consid\u00e9r\u00e9e comme constitutive d\u2019une contrefa\u00e7on et poursuivie conform\u00e9ment aux dispositions des articles L.335-2 et suivants du Code de Propri\u00e9t\u00e9 Intellectuelle.<\/p>\n<p><b>Gestion des donn\u00e9es personnelles:<\/b><br>Les donn\u00e9es personnelles sont notamment prot\u00e9g\u00e9es par la loi n\u00b0 78-87 du 6 janvier 1978, la loi n\u00b0 2004-801 du 6 ao\u00fbt 2004, l&#8217;article L. 226-13 du Code p\u00e9nal et la Directive Europ\u00e9enne du 24 octobre 1995.<\/p>\n<p>En tout \u00e9tat de cause Anita Klemm\/ doc ad tempus ne collecte des informations personnelles relatives \u00e0 l&#8217;utilisateur que pour le besoin de certains services propos\u00e9s par le site.\u00a0 L&#8217;utilisateur fournit ces informations en toute connaissance de cause, notamment lorsqu&#8217;il proc\u00e8de par lui-m\u00eame \u00e0 leur saisie. Il est alors pr\u00e9cis\u00e9 \u00e0 l&#8217;utilisateur du site l\u2019obligation ou non de fournir ces informations.<br>Conform\u00e9ment aux dispositions des articles 38 et suivants de la loi 78-17 du 6 janvier 1978 relative \u00e0 l\u2019informatique, aux fichiers et aux libert\u00e9s, tout utilisateur dispose d\u2019un droit d\u2019acc\u00e8s, de rectification et d\u2019opposition aux donn\u00e9es personnelles le concernant, en effectuant sa demande \u00e9crite et sign\u00e9e, accompagn\u00e9e d\u2019une copie du titre d\u2019identit\u00e9 avec signature du titulaire de la pi\u00e8ce, en pr\u00e9cisant l\u2019adresse \u00e0 laquelle la r\u00e9ponse doit \u00eatre envoy\u00e9e.<\/p>\n<div class=\"main-columns wrapper-website clearfix\">\n<div class=\"main_content\">\n<div class=\"main_component clearfix\" role=\"main\">\n<div class=\"item-page \">\n<div>\n<p>Le site n\u00b4est pas d\u00e9clar\u00e9 \u00e0 la CNIL (dispense no. 7- D\u00e9lib\u00e9ration no. 2006-138 du 9 Mai 2006).<\/p>\n<\/div>\n<\/div>\n<\/div>\n<\/div>\n<\/div>    <\/div>\n<\/div>\n<!-- \/module text -->        <\/div>\n                        <\/div>\n        <\/div>\n        <\/div>\n<!--\/themify_builder_content-->","protected":false},"excerpt":{"rendered":"<p>Mentions L\u00e9gales En vertu de l\u00b4article 6 de la loi no. 2004-575 du 21 Juin 2004. Propri\u00e9taire\u00a0: Doc ad tempus5 Rue Joseph D&#8217;Arbaud06130 GrasseFrance Responsable de publication :\u00a0Anita Klemm Contact:T\u00e9l: +33 493 70 08 94E-Mail:\u00a0contact[at]docadtempus.net Siret:791 815 418 00011 Capital Social:\u00a05.000 Euro Hoster:Hostingerhttps:\/\/www.hostinger.de\/ Webdesign:Clemens Zocherwww.klappeaction.de Propri\u00e9t\u00e9 intellectuelle et contrefa\u00e7ons:Doc ad tempus est propri\u00e9taire des droits [&hellip;]<\/p>\n","protected":false},"author":1,"featured_media":0,"parent":0,"menu_order":0,"comment_status":"closed","ping_status":"closed","template":"","meta":{"footnotes":""},"class_list":["post-635","page","type-page","status-publish","hentry","has-post-title","has-post-date","has-post-category","has-post-tag","has-post-comment","has-post-author",""],"builder_content":"<p><strong>Mentions L\u00e9gales<\/strong><\/p> <p><b>En vertu de l\u00b4article 6 de la loi no. 2004-575 du 21 Juin 2004.<\/b><\/p> <p><b>Propri\u00e9taire\u00a0: Doc ad tempus<\/b><br>5 Rue Joseph D'Arbaud<br>06130 Grasse<br>France<\/p> <p><b>Responsable de publication :\u00a0<\/b>Anita Klemm<\/p> <p><b>Contact:<\/b><br>T\u00e9l: +33 493 70 08 94<br>E-Mail:\u00a0contact[at]docadtempus.net<\/p> <p><b>Siret:<\/b><br>791 815 418 00011<\/p> <p><b>Capital Social:<\/b>\u00a05.000 Euro<\/p> <p><b>Hoster:<\/b><br>Hostinger<br>https:\/\/www.hostinger.de\/<\/p> <p><strong>Webdesign:<br><\/strong>Clemens Zocher<br><a href=\"http:\/\/www.klappeaction.de\">www.klappeaction.de<\/a><\/p> <p><b>Propri\u00e9t\u00e9 intellectuelle et contrefa\u00e7ons:<\/b><br>Doc ad tempus est propri\u00e9taire des droits de propri\u00e9t\u00e9 intellectuelle ou d\u00e9tient les droits d\u2019usage sur tous les \u00e9l\u00e9ments accessibles sur le site, notamment les textes, images, graphismes, logo,<br>ic\u00f4nes, sons, logiciels.<br>Toute reproduction, repr\u00e9sentation, modification, publication, adaptation de tout ou partie des \u00e9l\u00e9ments du site, quel que soit le moyen ou le proc\u00e9d\u00e9 utilis\u00e9, est interdite, sauf autorisation \u00e9crite pr\u00e9alable de : Anita Klemm.<br>Toute exploitation non autoris\u00e9e du site ou de l\u2019un quelconque des \u00e9l\u00e9ments qu\u2019il contient sera consid\u00e9r\u00e9e comme constitutive d\u2019une contrefa\u00e7on et poursuivie conform\u00e9ment aux dispositions des articles L.335-2 et suivants du Code de Propri\u00e9t\u00e9 Intellectuelle.<\/p> <p><b>Gestion des donn\u00e9es personnelles:<\/b><br>Les donn\u00e9es personnelles sont notamment prot\u00e9g\u00e9es par la loi n\u00b0 78-87 du 6 janvier 1978, la loi n\u00b0 2004-801 du 6 ao\u00fbt 2004, l'article L. 226-13 du Code p\u00e9nal et la Directive Europ\u00e9enne du 24 octobre 1995.<\/p> <p>En tout \u00e9tat de cause Anita Klemm\/ doc ad tempus ne collecte des informations personnelles relatives \u00e0 l'utilisateur que pour le besoin de certains services propos\u00e9s par le site.\u00a0 L'utilisateur fournit ces informations en toute connaissance de cause, notamment lorsqu'il proc\u00e8de par lui-m\u00eame \u00e0 leur saisie. Il est alors pr\u00e9cis\u00e9 \u00e0 l'utilisateur du site l\u2019obligation ou non de fournir ces informations.<br>Conform\u00e9ment aux dispositions des articles 38 et suivants de la loi 78-17 du 6 janvier 1978 relative \u00e0 l\u2019informatique, aux fichiers et aux libert\u00e9s, tout utilisateur dispose d\u2019un droit d\u2019acc\u00e8s, de rectification et d\u2019opposition aux donn\u00e9es personnelles le concernant, en effectuant sa demande \u00e9crite et sign\u00e9e, accompagn\u00e9e d\u2019une copie du titre d\u2019identit\u00e9 avec signature du titulaire de la pi\u00e8ce, en pr\u00e9cisant l\u2019adresse \u00e0 laquelle la r\u00e9ponse doit \u00eatre envoy\u00e9e.<\/p>\n<p>Le site n\u00b4est pas d\u00e9clar\u00e9 \u00e0 la CNIL (dispense no. 7- D\u00e9lib\u00e9ration no. 2006-138 du 9 Mai 2006).<\/p>","_links":{"self":[{"href":"https:\/\/docadtempus.net\/en\/wp-json\/wp\/v2\/pages\/635","targetHints":{"allow":["GET"]}}],"collection":[{"href":"https:\/\/docadtempus.net\/en\/wp-json\/wp\/v2\/pages"}],"about":[{"href":"https:\/\/docadtempus.net\/en\/wp-json\/wp\/v2\/types\/page"}],"author":[{"embeddable":true,"href":"https:\/\/docadtempus.net\/en\/wp-json\/wp\/v2\/users\/1"}],"replies":[{"embeddable":true,"href":"https:\/\/docadtempus.net\/en\/wp-json\/wp\/v2\/comments?post=635"}],"version-history":[{"count":6,"href":"https:\/\/docadtempus.net\/en\/wp-json\/wp\/v2\/pages\/635\/revisions"}],"predecessor-version":[{"id":723,"href":"https:\/\/docadtempus.net\/en\/wp-json\/wp\/v2\/pages\/635\/revisions\/723"}],"wp:attachment":[{"href":"https:\/\/docadtempus.net\/en\/wp-json\/wp\/v2\/media?parent=635"}],"curies":[{"name":"wp","href":"https:\/\/api.w.org\/{rel}","templated":true}]}}